{"id":58907,"date":"2021-06-14T08:04:04","date_gmt":"2021-06-14T07:04:04","guid":{"rendered":"http:\/\/localhost\/camp\/wir-sind-es\/"},"modified":"2025-07-15T16:52:21","modified_gmt":"2025-07-15T15:52:21","slug":"wir-sind-es","status":"publish","type":"page","link":"https:\/\/camp-plum.com\/de\/wir-sind-es\/","title":{"rendered":"Wir sind es"},"content":{"rendered":"<p>[et_pb_section fb_built=&#8220;1&#8243; custom_padding_last_edited=&#8220;on|tablet&#8220; admin_label=&#8220;Header&#8220; _builder_version=&#8220;4.16&#8243; background_enable_image=&#8220;off&#8220; background_size=&#8220;contain&#8220; background_position=&#8220;top_right&#8220; custom_padding=&#8220;100px|||||&#8220; custom_padding_tablet=&#8220;60px||||false|false&#8220; custom_padding_phone=&#8220;&#8220; locked=&#8220;off&#8220; global_colors_info=&#8220;{}&#8220;][et_pb_row _builder_version=&#8220;4.16&#8243; _module_preset=&#8220;default&#8220; global_colors_info=&#8220;{}&#8220;][et_pb_column type=&#8220;4_4&#8243; _builder_version=&#8220;4.16&#8243; _module_preset=&#8220;default&#8220; global_colors_info=&#8220;{}&#8220;][et_pb_text _builder_version=&#8220;4.16&#8243; text_font_size=&#8220;24px&#8220; text_line_height=&#8220;2em&#8220; header_font=&#8220;PT Sans Narrow|700||on|||||&#8220; header_text_align=&#8220;left&#8220; header_text_color=&#8220;#5B2B7C&#8220; header_font_size=&#8220;3em&#8220; header_2_font=&#8220;PT Sans Narrow|||on|||||&#8220; header_2_text_align=&#8220;center&#8220; header_2_text_color=&#8220;#599040&#8243; header_2_font_size=&#8220;2em&#8220; header_2_line_height=&#8220;0.6em&#8220; text_orientation=&#8220;center&#8220; custom_margin_tablet=&#8220;|0px||0px|false|false&#8220; custom_margin_last_edited=&#8220;off|desktop&#8220; scroll_vertical_motion_enable=&#8220;off&#8220; scroll_vertical_motion=&#8220;0|65|65|100|4|0|-2.5&#8243; text_font_size_tablet=&#8220;18px&#8220; text_font_size_phone=&#8220;16px&#8220; text_font_size_last_edited=&#8220;on|phone&#8220; header_text_align_tablet=&#8220;center&#8220; header_text_align_phone=&#8220;&#8220; header_text_align_last_edited=&#8220;on|tablet&#8220; header_font_size_tablet=&#8220;48px&#8220; header_font_size_phone=&#8220;38px&#8220; header_font_size_last_edited=&#8220;off|desktop&#8220; header_2_text_align_tablet=&#8220;center&#8220; header_2_text_align_phone=&#8220;&#8220; header_2_text_align_last_edited=&#8220;on|tablet&#8220; sticky_position_tablet=&#8220;&#8220; sticky_position_phone=&#8220;&#8220; sticky_position_last_edited=&#8220;on|tablet&#8220; header_text_shadow_style=&#8220;preset5&#8243; header_text_shadow_horizontal_length=&#8220;0.04em&#8220; header_text_shadow_vertical_length=&#8220;0.04em&#8220; header_text_shadow_color=&#8220;#FFFFFF&#8220; locked=&#8220;off&#8220; global_colors_info=&#8220;{}&#8220;]<\/p>\n<h2>Wir sind es<\/h2>\n<p>[\/et_pb_text][\/et_pb_column][\/et_pb_row][et_pb_row _builder_version=&#8220;4.16&#8243; _module_preset=&#8220;default&#8220; global_colors_info=&#8220;{}&#8220;][et_pb_column type=&#8220;4_4&#8243; _builder_version=&#8220;4.16&#8243; _module_preset=&#8220;default&#8220; global_colors_info=&#8220;{}&#8220;][et_pb_text _builder_version=&#8220;4.27.4&#8243; _module_preset=&#8220;default&#8220; text_font_size=&#8220;17px&#8220; header_2_font=&#8220;|||on|||||&#8220; header_2_text_color=&#8220;#5B2B7C&#8220; hover_enabled=&#8220;0&#8243; global_colors_info=&#8220;{}&#8220; sticky_enabled=&#8220;0&#8243;]<\/p>\n<h2><span style=\"color: #599040;\">Camp<\/span> Plum<\/h2>\n<p>Camp Plum ist ein Familiencampingplatz in Zentralserbien. Wir bieten Camping im Freien, Wohnmobilstellpl\u00e4tze und Bungalowunterk\u00fcnfte. Der Campingplatz liegt in ruhiger Natur am Fluss, nur 2 km von der Umgehungsstra\u00dfe \u0106uprija an der Autobahn E75 entfernt.<\/p>\n<p>In der nat\u00fcrlichen Umgebung am Fluss Ravanica bieten wir Ihnen einen sicheren und gesch\u00fctzten Urlaub, mit gepflegten Grundst\u00fccken mit Wasser- und Stromanschluss, modernen gemeinsamen getrennten Herren- und Damenb\u00e4dern und Toiletten mit warmem und kaltem Wasser.<\/p>\n<p>Das Camp verf\u00fcgt \u00fcber einen zentralen Punkt zum Ablassen von Chemietoiletten und einen Abfluss zum Ablassen von Abwasser. Unbegrenztes WLAN, Gemeinschaftsraum mit voll ausgestatteter K\u00fcche und Essbereich, Au\u00dfengrill, Kinderspielplatz, separater Platz f\u00fcr Zelte und vieles mehr\u2026[\/et_pb_text][\/et_pb_column][\/et_pb_row][et_pb_row _builder_version=&#8220;4.16&#8243; _module_preset=&#8220;default&#8220; global_colors_info=&#8220;{}&#8220;][et_pb_column type=&#8220;4_4&#8243; _builder_version=&#8220;4.16&#8243; _module_preset=&#8220;default&#8220; global_colors_info=&#8220;{}&#8220;][et_pb_text _builder_version=&#8220;4.16&#8243; text_font_size=&#8220;24px&#8220; text_line_height=&#8220;2em&#8220; header_font=&#8220;PT Sans Narrow|700||on|||||&#8220; header_text_align=&#8220;left&#8220; header_text_color=&#8220;#5B2B7C&#8220; header_font_size=&#8220;3em&#8220; header_2_font=&#8220;PT Sans Narrow|||on|||||&#8220; header_2_text_align=&#8220;center&#8220; header_2_text_color=&#8220;#599040&#8243; header_2_font_size=&#8220;1.5em&#8220; header_2_line_height=&#8220;0.6em&#8220; text_orientation=&#8220;center&#8220; custom_margin_tablet=&#8220;|0px||0px|false|false&#8220; custom_margin_last_edited=&#8220;off|desktop&#8220; scroll_vertical_motion_enable=&#8220;off&#8220; scroll_vertical_motion=&#8220;0|65|65|100|4|0|-2.5&#8243; text_font_size_tablet=&#8220;18px&#8220; text_font_size_phone=&#8220;16px&#8220; text_font_size_last_edited=&#8220;on|phone&#8220; header_text_align_tablet=&#8220;center&#8220; header_text_align_phone=&#8220;&#8220; header_text_align_last_edited=&#8220;on|tablet&#8220; header_font_size_tablet=&#8220;48px&#8220; header_font_size_phone=&#8220;38px&#8220; header_font_size_last_edited=&#8220;off|desktop&#8220; header_2_text_align_tablet=&#8220;center&#8220; header_2_text_align_phone=&#8220;&#8220; header_2_text_align_last_edited=&#8220;on|tablet&#8220; sticky_position_tablet=&#8220;&#8220; sticky_position_phone=&#8220;&#8220; sticky_position_last_edited=&#8220;on|tablet&#8220; header_text_shadow_style=&#8220;preset5&#8243; header_text_shadow_horizontal_length=&#8220;0.04em&#8220; header_text_shadow_vertical_length=&#8220;0.04em&#8220; header_text_shadow_color=&#8220;#FFFFFF&#8220; locked=&#8220;off&#8220; global_colors_info=&#8220;{}&#8220;]<\/p>\n<h2>Galerie<\/h2>\n<p>[\/et_pb_text][dsm_masonry_gallery gallery_ids=&#8220;58848,58850,58852,58838,58816,58824,58818,58820,58822,58828,58830,58832,58834,58840,58836,58842,58844,58846,58854,58856,58858,58860,58864,58866,58868&#8243; use_lightbox=&#8220;on&#8220; _builder_version=&#8220;4.16&#8243; _module_preset=&#8220;default&#8220; global_colors_info=&#8220;{}&#8220;][\/dsm_masonry_gallery][\/et_pb_column][\/et_pb_row][et_pb_row _builder_version=&#8220;4.16&#8243; _module_preset=&#8220;default&#8220; global_colors_info=&#8220;{}&#8220;][et_pb_column type=&#8220;4_4&#8243; _builder_version=&#8220;4.16&#8243; _module_preset=&#8220;default&#8220; global_colors_info=&#8220;{}&#8220;][et_pb_text _builder_version=&#8220;4.16&#8243; text_font_size=&#8220;24px&#8220; text_line_height=&#8220;2em&#8220; header_font=&#8220;PT Sans Narrow|700||on|||||&#8220; header_text_align=&#8220;left&#8220; header_text_color=&#8220;#5B2B7C&#8220; header_font_size=&#8220;3em&#8220; header_2_font=&#8220;PT Sans Narrow|||on|||||&#8220; header_2_text_align=&#8220;center&#8220; header_2_text_color=&#8220;#599040&#8243; header_2_font_size=&#8220;1.5em&#8220; header_2_line_height=&#8220;0.6em&#8220; text_orientation=&#8220;center&#8220; custom_margin_tablet=&#8220;|0px||0px|false|false&#8220; custom_margin_last_edited=&#8220;off|desktop&#8220; scroll_vertical_motion_enable=&#8220;off&#8220; scroll_vertical_motion=&#8220;0|65|65|100|4|0|-2.5&#8243; text_font_size_tablet=&#8220;18px&#8220; text_font_size_phone=&#8220;16px&#8220; text_font_size_last_edited=&#8220;on|phone&#8220; header_text_align_tablet=&#8220;center&#8220; header_text_align_phone=&#8220;&#8220; header_text_align_last_edited=&#8220;on|tablet&#8220; header_font_size_tablet=&#8220;48px&#8220; header_font_size_phone=&#8220;38px&#8220; header_font_size_last_edited=&#8220;off|desktop&#8220; header_2_text_align_tablet=&#8220;center&#8220; header_2_text_align_phone=&#8220;&#8220; header_2_text_align_last_edited=&#8220;on|tablet&#8220; sticky_position_tablet=&#8220;&#8220; sticky_position_phone=&#8220;&#8220; sticky_position_last_edited=&#8220;on|tablet&#8220; header_text_shadow_style=&#8220;preset5&#8243; header_text_shadow_horizontal_length=&#8220;0.04em&#8220; header_text_shadow_vertical_length=&#8220;0.04em&#8220; header_text_shadow_color=&#8220;#FFFFFF&#8220; locked=&#8220;off&#8220; global_colors_info=&#8220;{}&#8220;]<\/p>\n<h2>das Bad<\/h2>\n<p>[\/et_pb_text][dsm_masonry_gallery gallery_ids=&#8220;59090,59099,59105,59078,59084,59102,59096,59093,59087,59081,59075&#8243; _builder_version=&#8220;4.16&#8243; _module_preset=&#8220;default&#8220; global_colors_info=&#8220;{}&#8220;][\/dsm_masonry_gallery][\/et_pb_column][\/et_pb_row][\/et_pb_section]<\/p>\n","protected":false},"excerpt":{"rendered":"<p>Wir sind esCamp Plum Camp Plum ist ein Familiencampingplatz in Zentralserbien. Wir bieten Camping im Freien, Wohnmobilstellpl\u00e4tze und Bungalowunterk\u00fcnfte. Der Campingplatz liegt in ruhiger Natur am Fluss, nur 2 km von der Umgehungsstra\u00dfe \u0106uprija an der Autobahn E75 entfernt. In der nat\u00fcrlichen Umgebung am Fluss Ravanica bieten wir Ihnen einen sicheren und gesch\u00fctzten Urlaub, mit [&hellip;]<\/p>\n","protected":false},"author":1,"featured_media":0,"parent":0,"menu_order":0,"comment_status":"closed","ping_status":"closed","template":"","meta":{"_et_pb_use_builder":"on","_et_pb_old_content":"","_et_gb_content_width":"","footnotes":""},"class_list":["post-58907","page","type-page","status-publish","hentry"],"yoast_head":"<!-- This site is optimized with the Yoast SEO plugin v25.5 - https:\/\/yoast.com\/wordpress\/plugins\/seo\/ -->\n<title>Wir sind es | Camp Plum<\/title>\n<meta name=\"robots\" content=\"index, follow, max-snippet:-1, max-image-preview:large, max-video-preview:-1\" \/>\n<link rel=\"canonical\" href=\"https:\/\/camp-plum.com\/de\/wir-sind-es\/\" \/>\n<meta property=\"og:locale\" content=\"de_DE\" \/>\n<meta property=\"og:type\" content=\"article\" \/>\n<meta property=\"og:title\" content=\"Wir sind es | Camp Plum\" \/>\n<meta property=\"og:description\" content=\"Wir sind esCamp Plum Camp Plum ist ein Familiencampingplatz in Zentralserbien. Wir bieten Camping im Freien, Wohnmobilstellpl\u00e4tze und Bungalowunterk\u00fcnfte. Der Campingplatz liegt in ruhiger Natur am Fluss, nur 2 km von der Umgehungsstra\u00dfe \u0106uprija an der Autobahn E75 entfernt. In der nat\u00fcrlichen Umgebung am Fluss Ravanica bieten wir Ihnen einen sicheren und gesch\u00fctzten Urlaub, mit [&hellip;]\" \/>\n<meta property=\"og:url\" content=\"https:\/\/camp-plum.com\/de\/wir-sind-es\/\" \/>\n<meta property=\"og:site_name\" content=\"Camp Plum\" \/>\n<meta property=\"article:publisher\" content=\"https:\/\/www.facebook.com\/campplumcuprija\" \/>\n<meta property=\"article:modified_time\" content=\"2025-07-15T15:52:21+00:00\" \/>\n<meta name=\"twitter:card\" content=\"summary_large_image\" \/>\n<meta name=\"twitter:label1\" content=\"Gesch\u00e4tzte Lesezeit\" \/>\n\t<meta name=\"twitter:data1\" content=\"5\u00a0Minuten\" \/>\n<script type=\"application\/ld+json\" class=\"yoast-schema-graph\">{\"@context\":\"https:\/\/schema.org\",\"@graph\":[{\"@type\":\"WebPage\",\"@id\":\"https:\/\/camp-plum.com\/de\/wir-sind-es\/\",\"url\":\"https:\/\/camp-plum.com\/de\/wir-sind-es\/\",\"name\":\"Wir sind es | Camp Plum\",\"isPartOf\":{\"@id\":\"https:\/\/camp-plum.com\/#website\"},\"datePublished\":\"2021-06-14T07:04:04+00:00\",\"dateModified\":\"2025-07-15T15:52:21+00:00\",\"breadcrumb\":{\"@id\":\"https:\/\/camp-plum.com\/de\/wir-sind-es\/#breadcrumb\"},\"inLanguage\":\"de\",\"potentialAction\":[{\"@type\":\"ReadAction\",\"target\":[\"https:\/\/camp-plum.com\/de\/wir-sind-es\/\"]}]},{\"@type\":\"BreadcrumbList\",\"@id\":\"https:\/\/camp-plum.com\/de\/wir-sind-es\/#breadcrumb\",\"itemListElement\":[{\"@type\":\"ListItem\",\"position\":1,\"name\":\"Home\",\"item\":\"https:\/\/camp-plum.com\/de\/\"},{\"@type\":\"ListItem\",\"position\":2,\"name\":\"Wir sind es\"}]},{\"@type\":\"WebSite\",\"@id\":\"https:\/\/camp-plum.com\/#website\",\"url\":\"https:\/\/camp-plum.com\/\",\"name\":\"Camp Plum\",\"description\":\"Place for your rest\",\"publisher\":{\"@id\":\"https:\/\/camp-plum.com\/#organization\"},\"potentialAction\":[{\"@type\":\"SearchAction\",\"target\":{\"@type\":\"EntryPoint\",\"urlTemplate\":\"https:\/\/camp-plum.com\/?s={search_term_string}\"},\"query-input\":{\"@type\":\"PropertyValueSpecification\",\"valueRequired\":true,\"valueName\":\"search_term_string\"}}],\"inLanguage\":\"de\"},{\"@type\":\"Organization\",\"@id\":\"https:\/\/camp-plum.com\/#organization\",\"name\":\"Camp Plum\",\"url\":\"https:\/\/camp-plum.com\/\",\"logo\":{\"@type\":\"ImageObject\",\"inLanguage\":\"de\",\"@id\":\"https:\/\/camp-plum.com\/#\/schema\/logo\/image\/\",\"url\":\"http:\/\/localhost\/camp\/wp-content\/uploads\/2021\/02\/Camp-Plum-logo.png\",\"contentUrl\":\"http:\/\/localhost\/camp\/wp-content\/uploads\/2021\/02\/Camp-Plum-logo.png\",\"width\":645,\"height\":215,\"caption\":\"Camp Plum\"},\"image\":{\"@id\":\"https:\/\/camp-plum.com\/#\/schema\/logo\/image\/\"},\"sameAs\":[\"https:\/\/www.facebook.com\/campplumcuprija\",\"https:\/\/www.instagram.com\/camp_plum\/\"]}]}<\/script>\n<!-- \/ Yoast SEO plugin. -->","yoast_head_json":{"title":"Wir sind es | Camp Plum","robots":{"index":"index","follow":"follow","max-snippet":"max-snippet:-1","max-image-preview":"max-image-preview:large","max-video-preview":"max-video-preview:-1"},"canonical":"https:\/\/camp-plum.com\/de\/wir-sind-es\/","og_locale":"de_DE","og_type":"article","og_title":"Wir sind es | Camp Plum","og_description":"Wir sind esCamp Plum Camp Plum ist ein Familiencampingplatz in Zentralserbien. Wir bieten Camping im Freien, Wohnmobilstellpl\u00e4tze und Bungalowunterk\u00fcnfte. Der Campingplatz liegt in ruhiger Natur am Fluss, nur 2 km von der Umgehungsstra\u00dfe \u0106uprija an der Autobahn E75 entfernt. In der nat\u00fcrlichen Umgebung am Fluss Ravanica bieten wir Ihnen einen sicheren und gesch\u00fctzten Urlaub, mit [&hellip;]","og_url":"https:\/\/camp-plum.com\/de\/wir-sind-es\/","og_site_name":"Camp Plum","article_publisher":"https:\/\/www.facebook.com\/campplumcuprija","article_modified_time":"2025-07-15T15:52:21+00:00","twitter_card":"summary_large_image","twitter_misc":{"Gesch\u00e4tzte Lesezeit":"5\u00a0Minuten"},"schema":{"@context":"https:\/\/schema.org","@graph":[{"@type":"WebPage","@id":"https:\/\/camp-plum.com\/de\/wir-sind-es\/","url":"https:\/\/camp-plum.com\/de\/wir-sind-es\/","name":"Wir sind es | Camp Plum","isPartOf":{"@id":"https:\/\/camp-plum.com\/#website"},"datePublished":"2021-06-14T07:04:04+00:00","dateModified":"2025-07-15T15:52:21+00:00","breadcrumb":{"@id":"https:\/\/camp-plum.com\/de\/wir-sind-es\/#breadcrumb"},"inLanguage":"de","potentialAction":[{"@type":"ReadAction","target":["https:\/\/camp-plum.com\/de\/wir-sind-es\/"]}]},{"@type":"BreadcrumbList","@id":"https:\/\/camp-plum.com\/de\/wir-sind-es\/#breadcrumb","itemListElement":[{"@type":"ListItem","position":1,"name":"Home","item":"https:\/\/camp-plum.com\/de\/"},{"@type":"ListItem","position":2,"name":"Wir sind es"}]},{"@type":"WebSite","@id":"https:\/\/camp-plum.com\/#website","url":"https:\/\/camp-plum.com\/","name":"Camp Plum","description":"Place for your rest","publisher":{"@id":"https:\/\/camp-plum.com\/#organization"},"potentialAction":[{"@type":"SearchAction","target":{"@type":"EntryPoint","urlTemplate":"https:\/\/camp-plum.com\/?s={search_term_string}"},"query-input":{"@type":"PropertyValueSpecification","valueRequired":true,"valueName":"search_term_string"}}],"inLanguage":"de"},{"@type":"Organization","@id":"https:\/\/camp-plum.com\/#organization","name":"Camp Plum","url":"https:\/\/camp-plum.com\/","logo":{"@type":"ImageObject","inLanguage":"de","@id":"https:\/\/camp-plum.com\/#\/schema\/logo\/image\/","url":"http:\/\/localhost\/camp\/wp-content\/uploads\/2021\/02\/Camp-Plum-logo.png","contentUrl":"http:\/\/localhost\/camp\/wp-content\/uploads\/2021\/02\/Camp-Plum-logo.png","width":645,"height":215,"caption":"Camp Plum"},"image":{"@id":"https:\/\/camp-plum.com\/#\/schema\/logo\/image\/"},"sameAs":["https:\/\/www.facebook.com\/campplumcuprija","https:\/\/www.instagram.com\/camp_plum\/"]}]}},"_links":{"self":[{"href":"https:\/\/camp-plum.com\/de\/wp-json\/wp\/v2\/pages\/58907","targetHints":{"allow":["GET"]}}],"collection":[{"href":"https:\/\/camp-plum.com\/de\/wp-json\/wp\/v2\/pages"}],"about":[{"href":"https:\/\/camp-plum.com\/de\/wp-json\/wp\/v2\/types\/page"}],"author":[{"embeddable":true,"href":"https:\/\/camp-plum.com\/de\/wp-json\/wp\/v2\/users\/1"}],"replies":[{"embeddable":true,"href":"https:\/\/camp-plum.com\/de\/wp-json\/wp\/v2\/comments?post=58907"}],"version-history":[{"count":14,"href":"https:\/\/camp-plum.com\/de\/wp-json\/wp\/v2\/pages\/58907\/revisions"}],"predecessor-version":[{"id":59352,"href":"https:\/\/camp-plum.com\/de\/wp-json\/wp\/v2\/pages\/58907\/revisions\/59352"}],"wp:attachment":[{"href":"https:\/\/camp-plum.com\/de\/wp-json\/wp\/v2\/media?parent=58907"}],"curies":[{"name":"wp","href":"https:\/\/api.w.org\/{rel}","templated":true}]}}