{"id":58642,"date":"2021-06-11T11:46:08","date_gmt":"2021-06-11T10:46:08","guid":{"rendered":"http:\/\/localhost\/camp\/?page_id=58642"},"modified":"2023-04-18T20:47:59","modified_gmt":"2023-04-18T19:47:59","slug":"cenovnik","status":"publish","type":"page","link":"https:\/\/camp-plum.com\/sr\/cenovnik\/","title":{"rendered":"Cenovnik"},"content":{"rendered":"<p>[et_pb_section fb_built=&#8220;1&#8243; custom_padding_last_edited=&#8220;on|tablet&#8220; admin_label=&#8220;Header&#8220; _builder_version=&#8220;4.16&#8243; background_enable_image=&#8220;off&#8220; background_size=&#8220;contain&#8220; background_position=&#8220;top_right&#8220; custom_padding=&#8220;100px|||||&#8220; custom_padding_tablet=&#8220;60px||||false|false&#8220; custom_padding_phone=&#8220;&#8220; locked=&#8220;off&#8220; global_colors_info=&#8220;{}&#8220;][et_pb_row _builder_version=&#8220;4.16&#8243; _module_preset=&#8220;default&#8220; global_colors_info=&#8220;{}&#8220;][et_pb_column type=&#8220;4_4&#8243; _builder_version=&#8220;4.16&#8243; _module_preset=&#8220;default&#8220; global_colors_info=&#8220;{}&#8220;][et_pb_text _builder_version=&#8220;4.16&#8243; text_font_size=&#8220;24px&#8220; text_line_height=&#8220;2em&#8220; header_font=&#8220;PT Sans Narrow|700||on|||||&#8220; header_text_align=&#8220;left&#8220; header_text_color=&#8220;#5B2B7C&#8220; header_font_size=&#8220;3em&#8220; header_2_font=&#8220;PT Sans Narrow|||on|||||&#8220; header_2_text_align=&#8220;center&#8220; header_2_text_color=&#8220;#599040&#8243; header_2_font_size=&#8220;2em&#8220; header_2_line_height=&#8220;0.6em&#8220; text_orientation=&#8220;center&#8220; custom_margin_tablet=&#8220;|0px||0px|false|false&#8220; custom_margin_last_edited=&#8220;off|desktop&#8220; scroll_vertical_motion_enable=&#8220;off&#8220; scroll_vertical_motion=&#8220;0|65|65|100|4|0|-2.5&#8243; text_font_size_tablet=&#8220;18px&#8220; text_font_size_phone=&#8220;16px&#8220; text_font_size_last_edited=&#8220;on|phone&#8220; header_text_align_tablet=&#8220;center&#8220; header_text_align_phone=&#8220;&#8220; header_text_align_last_edited=&#8220;on|tablet&#8220; header_font_size_tablet=&#8220;48px&#8220; header_font_size_phone=&#8220;38px&#8220; header_font_size_last_edited=&#8220;off|desktop&#8220; header_2_text_align_tablet=&#8220;center&#8220; header_2_text_align_phone=&#8220;&#8220; header_2_text_align_last_edited=&#8220;on|tablet&#8220; sticky_position_tablet=&#8220;&#8220; sticky_position_phone=&#8220;&#8220; sticky_position_last_edited=&#8220;on|tablet&#8220; header_text_shadow_style=&#8220;preset5&#8243; header_text_shadow_horizontal_length=&#8220;0.04em&#8220; header_text_shadow_vertical_length=&#8220;0.04em&#8220; header_text_shadow_color=&#8220;#FFFFFF&#8220; locked=&#8220;off&#8220; global_colors_info=&#8220;{}&#8220;]<\/p>\n<h2>Cenovnik<\/h2>\n<p>[\/et_pb_text][\/et_pb_column][\/et_pb_row][et_pb_row column_structure=&#8220;1_4,1_2,1_4&#8243; _builder_version=&#8220;4.16&#8243; _module_preset=&#8220;default&#8220; global_colors_info=&#8220;{}&#8220;][et_pb_column type=&#8220;1_4&#8243; _builder_version=&#8220;4.16&#8243; _module_preset=&#8220;default&#8220; global_colors_info=&#8220;{}&#8220;][et_pb_image src=&#8220;https:\/\/camp-plum.com\/wp-content\/uploads\/2021\/06\/Camp-Plum-price1.jpg&#8220; title_text=&#8220;Camp-Plum-price1&#8243; disabled_on=&#8220;on|on|off&#8220; _builder_version=&#8220;4.20.0&#8243; _module_preset=&#8220;default&#8220; hover_enabled=&#8220;0&#8243; global_colors_info=&#8220;{}&#8220; sticky_enabled=&#8220;0&#8243;][\/et_pb_image][\/et_pb_column][et_pb_column type=&#8220;1_2&#8243; _builder_version=&#8220;4.16&#8243; _module_preset=&#8220;default&#8220; global_colors_info=&#8220;{}&#8220;][et_pb_text _builder_version=&#8220;4.20.0&#8243; _module_preset=&#8220;default&#8220; hover_enabled=&#8220;0&#8243; global_colors_info=&#8220;{}&#8220; sticky_enabled=&#8220;0&#8243;]<\/p>\n<table>\n<tbody>\n<tr>\n<td width=\"432\">Odrasla osoba<\/td>\n<td width=\"184\">\n<p style=\"text-align: right;\">640 RSD<\/p>\n<\/td>\n<\/tr>\n<tr>\n<td width=\"432\">Deca mla\u0111a od 6 godina<\/td>\n<td width=\"184\">\n<p style=\"text-align: right;\">Besplatno<\/p>\n<\/td>\n<\/tr>\n<tr>\n<td width=\"432\">Deca od 6 do 15 godina<\/td>\n<td width=\"184\">\n<p style=\"text-align: right;\">350 RSD<\/p>\n<\/td>\n<\/tr>\n<tr>\n<td width=\"432\">Automobil<\/td>\n<td width=\"184\">\n<p style=\"text-align: right;\">350 RSD<\/p>\n<\/td>\n<\/tr>\n<tr>\n<td width=\"432\">Automobil sa prikolicom<\/td>\n<td width=\"184\">\n<p style=\"text-align: right;\">1050 RSD<\/p>\n<\/td>\n<\/tr>\n<tr>\n<td width=\"432\">Kamper<\/td>\n<td width=\"184\">\n<p style=\"text-align: right;\">1050 RSD<\/p>\n<\/td>\n<\/tr>\n<tr>\n<td width=\"432\">Motorcikl<\/td>\n<td width=\"184\">\n<p style=\"text-align: right;\">230 RSD<\/p>\n<\/td>\n<\/tr>\n<tr>\n<td width=\"432\">Bicikla<\/td>\n<td width=\"184\">\n<p style=\"text-align: right;\">Besplatno<\/p>\n<\/td>\n<\/tr>\n<tr>\n<td width=\"432\">\u0160ator<\/td>\n<td width=\"184\">\n<p style=\"text-align: right;\">350 RSD<\/p>\n<\/td>\n<\/tr>\n<tr>\n<td width=\"432\">Strujni priklju\u010dak<\/td>\n<td width=\"184\">\n<p style=\"text-align: right;\">Besplatno<\/p>\n<\/td>\n<\/tr>\n<tr>\n<td width=\"432\">Wi-Fi<\/td>\n<td width=\"184\">\n<p style=\"text-align: right;\">Besplatno<\/p>\n<\/td>\n<\/tr>\n<tr>\n<td width=\"432\">Turisti\u010dka taksa<\/td>\n<td width=\"184\">\n<p style=\"text-align: right;\">Uklju\u010dena<\/p>\n<\/td>\n<\/tr>\n<tr>\n<td width=\"432\">Punjenje mobilnih ure\u0111aja<\/td>\n<td width=\"184\">\n<p style=\"text-align: right;\">Besplatno<\/p>\n<\/td>\n<\/tr>\n<tr>\n<td width=\"432\">Pranje ve\u0161a<\/td>\n<td width=\"184\">\n<p style=\"text-align: right;\">350 RSD<\/p>\n<\/td>\n<\/tr>\n<tr>\n<td width=\"432\">Ljubimac<\/td>\n<td width=\"184\">\n<p style=\"text-align: right;\">Besplatno<\/p>\n<\/td>\n<\/tr>\n<tr>\n<td width=\"432\">Bungalov krevet po osobi<\/td>\n<td width=\"184\">\n<p style=\"text-align: right;\">1400 RSD<\/p>\n<\/td>\n<\/tr>\n<\/tbody>\n<\/table>\n<p>&nbsp;<\/p>\n<p>[\/et_pb_text][et_pb_text _builder_version=&#8220;4.16&#8243; _module_preset=&#8220;default&#8220; global_colors_info=&#8220;{}&#8220;]<\/p>\n<p>*Sve cene su za jedno no\u0107enje sa odjavom do 11 \u010dasova.<br \/>*Pla\u0107anje se vr\u0161i u evrima ili dinarima po srednjem kursu NBS.<br \/>*Popusti: Za vi\u0161e od 4 no\u0107enja popust je 5%, a za vi\u0161e od 7 no\u0107enja je 10%.<\/p>\n<p>[\/et_pb_text][\/et_pb_column][et_pb_column type=&#8220;1_4&#8243; _builder_version=&#8220;4.16&#8243; _module_preset=&#8220;default&#8220; global_colors_info=&#8220;{}&#8220;][et_pb_image src=&#8220;https:\/\/camp-plum.com\/wp-content\/uploads\/2021\/06\/Camp-Plum-price2.jpg&#8220; title_text=&#8220;Camp-Plum-price2&#8243; disabled_on=&#8220;on|on|off&#8220; _builder_version=&#8220;4.20.0&#8243; _module_preset=&#8220;default&#8220; hover_enabled=&#8220;0&#8243; global_colors_info=&#8220;{}&#8220; sticky_enabled=&#8220;0&#8243;][\/et_pb_image][\/et_pb_column][\/et_pb_row][\/et_pb_section]<\/p>\n","protected":false},"excerpt":{"rendered":"<p>Cenovnik Odrasla osoba 640 RSD Deca mla\u0111a od 6 godina Besplatno Deca od 6 do 15 godina 350 RSD Automobil 350 RSD Automobil sa prikolicom 1050 RSD Kamper 1050 RSD Motorcikl 230 RSD Bicikla Besplatno \u0160ator 350 RSD Strujni priklju\u010dak Besplatno Wi-Fi Besplatno Turisti\u010dka taksa Uklju\u010dena Punjenje mobilnih ure\u0111aja Besplatno Pranje ve\u0161a 350 RSD Ljubimac [&hellip;]<\/p>\n","protected":false},"author":1,"featured_media":0,"parent":0,"menu_order":0,"comment_status":"closed","ping_status":"closed","template":"","meta":{"_et_pb_use_builder":"on","_et_pb_old_content":"","_et_gb_content_width":"","footnotes":""},"class_list":["post-58642","page","type-page","status-publish","hentry"],"yoast_head":"<!-- This site is optimized with the Yoast SEO plugin v25.5 - https:\/\/yoast.com\/wordpress\/plugins\/seo\/ -->\n<title>Cenovnik | Camp Plum<\/title>\n<meta name=\"robots\" content=\"index, follow, max-snippet:-1, max-image-preview:large, max-video-preview:-1\" \/>\n<link rel=\"canonical\" href=\"https:\/\/camp-plum.com\/sr\/cenovnik\/\" \/>\n<meta property=\"og:locale\" content=\"sr_RS\" \/>\n<meta property=\"og:type\" content=\"article\" \/>\n<meta property=\"og:title\" content=\"Cenovnik | Camp Plum\" \/>\n<meta property=\"og:description\" content=\"Cenovnik Odrasla osoba 640 RSD Deca mla\u0111a od 6 godina Besplatno Deca od 6 do 15 godina 350 RSD Automobil 350 RSD Automobil sa prikolicom 1050 RSD Kamper 1050 RSD Motorcikl 230 RSD Bicikla Besplatno \u0160ator 350 RSD Strujni priklju\u010dak Besplatno Wi-Fi Besplatno Turisti\u010dka taksa Uklju\u010dena Punjenje mobilnih ure\u0111aja Besplatno Pranje ve\u0161a 350 RSD Ljubimac [&hellip;]\" \/>\n<meta property=\"og:url\" content=\"https:\/\/camp-plum.com\/sr\/cenovnik\/\" \/>\n<meta property=\"og:site_name\" content=\"Camp Plum\" \/>\n<meta property=\"article:publisher\" content=\"https:\/\/www.facebook.com\/campplumcuprija\" \/>\n<meta property=\"article:modified_time\" content=\"2023-04-18T19:47:59+00:00\" \/>\n<meta name=\"twitter:card\" content=\"summary_large_image\" \/>\n<meta name=\"twitter:label1\" content=\"\u041f\u0440\u043e\u0446\u0435\u045a\u0435\u043d\u043e \u0432\u0440\u0435\u043c\u0435 \u0447\u0438\u0442\u0430\u045a\u0430\" \/>\n\t<meta name=\"twitter:data1\" content=\"3 \u043c\u0438\u043d\u0443\u0442\u0430\" \/>\n<script type=\"application\/ld+json\" class=\"yoast-schema-graph\">{\"@context\":\"https:\/\/schema.org\",\"@graph\":[{\"@type\":\"WebPage\",\"@id\":\"https:\/\/camp-plum.com\/sr\/cenovnik\/\",\"url\":\"https:\/\/camp-plum.com\/sr\/cenovnik\/\",\"name\":\"Cenovnik | Camp Plum\",\"isPartOf\":{\"@id\":\"https:\/\/camp-plum.com\/#website\"},\"datePublished\":\"2021-06-11T10:46:08+00:00\",\"dateModified\":\"2023-04-18T19:47:59+00:00\",\"breadcrumb\":{\"@id\":\"https:\/\/camp-plum.com\/sr\/cenovnik\/#breadcrumb\"},\"inLanguage\":\"sr-RS\",\"potentialAction\":[{\"@type\":\"ReadAction\",\"target\":[\"https:\/\/camp-plum.com\/sr\/cenovnik\/\"]}]},{\"@type\":\"BreadcrumbList\",\"@id\":\"https:\/\/camp-plum.com\/sr\/cenovnik\/#breadcrumb\",\"itemListElement\":[{\"@type\":\"ListItem\",\"position\":1,\"name\":\"Home\",\"item\":\"https:\/\/camp-plum.com\/\"},{\"@type\":\"ListItem\",\"position\":2,\"name\":\"Cenovnik\"}]},{\"@type\":\"WebSite\",\"@id\":\"https:\/\/camp-plum.com\/#website\",\"url\":\"https:\/\/camp-plum.com\/\",\"name\":\"Camp Plum\",\"description\":\"Place for your rest\",\"publisher\":{\"@id\":\"https:\/\/camp-plum.com\/#organization\"},\"potentialAction\":[{\"@type\":\"SearchAction\",\"target\":{\"@type\":\"EntryPoint\",\"urlTemplate\":\"https:\/\/camp-plum.com\/?s={search_term_string}\"},\"query-input\":{\"@type\":\"PropertyValueSpecification\",\"valueRequired\":true,\"valueName\":\"search_term_string\"}}],\"inLanguage\":\"sr-RS\"},{\"@type\":\"Organization\",\"@id\":\"https:\/\/camp-plum.com\/#organization\",\"name\":\"Camp Plum\",\"url\":\"https:\/\/camp-plum.com\/\",\"logo\":{\"@type\":\"ImageObject\",\"inLanguage\":\"sr-RS\",\"@id\":\"https:\/\/camp-plum.com\/#\/schema\/logo\/image\/\",\"url\":\"http:\/\/localhost\/camp\/wp-content\/uploads\/2021\/02\/Camp-Plum-logo.png\",\"contentUrl\":\"http:\/\/localhost\/camp\/wp-content\/uploads\/2021\/02\/Camp-Plum-logo.png\",\"width\":645,\"height\":215,\"caption\":\"Camp Plum\"},\"image\":{\"@id\":\"https:\/\/camp-plum.com\/#\/schema\/logo\/image\/\"},\"sameAs\":[\"https:\/\/www.facebook.com\/campplumcuprija\",\"https:\/\/www.instagram.com\/camp_plum\/\"]}]}<\/script>\n<!-- \/ Yoast SEO plugin. -->","yoast_head_json":{"title":"Cenovnik | Camp Plum","robots":{"index":"index","follow":"follow","max-snippet":"max-snippet:-1","max-image-preview":"max-image-preview:large","max-video-preview":"max-video-preview:-1"},"canonical":"https:\/\/camp-plum.com\/sr\/cenovnik\/","og_locale":"sr_RS","og_type":"article","og_title":"Cenovnik | Camp Plum","og_description":"Cenovnik Odrasla osoba 640 RSD Deca mla\u0111a od 6 godina Besplatno Deca od 6 do 15 godina 350 RSD Automobil 350 RSD Automobil sa prikolicom 1050 RSD Kamper 1050 RSD Motorcikl 230 RSD Bicikla Besplatno \u0160ator 350 RSD Strujni priklju\u010dak Besplatno Wi-Fi Besplatno Turisti\u010dka taksa Uklju\u010dena Punjenje mobilnih ure\u0111aja Besplatno Pranje ve\u0161a 350 RSD Ljubimac [&hellip;]","og_url":"https:\/\/camp-plum.com\/sr\/cenovnik\/","og_site_name":"Camp Plum","article_publisher":"https:\/\/www.facebook.com\/campplumcuprija","article_modified_time":"2023-04-18T19:47:59+00:00","twitter_card":"summary_large_image","twitter_misc":{"\u041f\u0440\u043e\u0446\u0435\u045a\u0435\u043d\u043e \u0432\u0440\u0435\u043c\u0435 \u0447\u0438\u0442\u0430\u045a\u0430":"3 \u043c\u0438\u043d\u0443\u0442\u0430"},"schema":{"@context":"https:\/\/schema.org","@graph":[{"@type":"WebPage","@id":"https:\/\/camp-plum.com\/sr\/cenovnik\/","url":"https:\/\/camp-plum.com\/sr\/cenovnik\/","name":"Cenovnik | Camp Plum","isPartOf":{"@id":"https:\/\/camp-plum.com\/#website"},"datePublished":"2021-06-11T10:46:08+00:00","dateModified":"2023-04-18T19:47:59+00:00","breadcrumb":{"@id":"https:\/\/camp-plum.com\/sr\/cenovnik\/#breadcrumb"},"inLanguage":"sr-RS","potentialAction":[{"@type":"ReadAction","target":["https:\/\/camp-plum.com\/sr\/cenovnik\/"]}]},{"@type":"BreadcrumbList","@id":"https:\/\/camp-plum.com\/sr\/cenovnik\/#breadcrumb","itemListElement":[{"@type":"ListItem","position":1,"name":"Home","item":"https:\/\/camp-plum.com\/"},{"@type":"ListItem","position":2,"name":"Cenovnik"}]},{"@type":"WebSite","@id":"https:\/\/camp-plum.com\/#website","url":"https:\/\/camp-plum.com\/","name":"Camp Plum","description":"Place for your rest","publisher":{"@id":"https:\/\/camp-plum.com\/#organization"},"potentialAction":[{"@type":"SearchAction","target":{"@type":"EntryPoint","urlTemplate":"https:\/\/camp-plum.com\/?s={search_term_string}"},"query-input":{"@type":"PropertyValueSpecification","valueRequired":true,"valueName":"search_term_string"}}],"inLanguage":"sr-RS"},{"@type":"Organization","@id":"https:\/\/camp-plum.com\/#organization","name":"Camp Plum","url":"https:\/\/camp-plum.com\/","logo":{"@type":"ImageObject","inLanguage":"sr-RS","@id":"https:\/\/camp-plum.com\/#\/schema\/logo\/image\/","url":"http:\/\/localhost\/camp\/wp-content\/uploads\/2021\/02\/Camp-Plum-logo.png","contentUrl":"http:\/\/localhost\/camp\/wp-content\/uploads\/2021\/02\/Camp-Plum-logo.png","width":645,"height":215,"caption":"Camp Plum"},"image":{"@id":"https:\/\/camp-plum.com\/#\/schema\/logo\/image\/"},"sameAs":["https:\/\/www.facebook.com\/campplumcuprija","https:\/\/www.instagram.com\/camp_plum\/"]}]}},"_links":{"self":[{"href":"https:\/\/camp-plum.com\/sr\/wp-json\/wp\/v2\/pages\/58642","targetHints":{"allow":["GET"]}}],"collection":[{"href":"https:\/\/camp-plum.com\/sr\/wp-json\/wp\/v2\/pages"}],"about":[{"href":"https:\/\/camp-plum.com\/sr\/wp-json\/wp\/v2\/types\/page"}],"author":[{"embeddable":true,"href":"https:\/\/camp-plum.com\/sr\/wp-json\/wp\/v2\/users\/1"}],"replies":[{"embeddable":true,"href":"https:\/\/camp-plum.com\/sr\/wp-json\/wp\/v2\/comments?post=58642"}],"version-history":[{"count":9,"href":"https:\/\/camp-plum.com\/sr\/wp-json\/wp\/v2\/pages\/58642\/revisions"}],"predecessor-version":[{"id":59325,"href":"https:\/\/camp-plum.com\/sr\/wp-json\/wp\/v2\/pages\/58642\/revisions\/59325"}],"wp:attachment":[{"href":"https:\/\/camp-plum.com\/sr\/wp-json\/wp\/v2\/media?parent=58642"}],"curies":[{"name":"wp","href":"https:\/\/api.w.org\/{rel}","templated":true}]}}