{"id":58660,"date":"2021-06-11T12:09:28","date_gmt":"2021-06-11T11:09:28","guid":{"rendered":"http:\/\/localhost\/camp\/?page_id=58660"},"modified":"2025-07-15T16:51:32","modified_gmt":"2025-07-15T15:51:32","slug":"o-nama","status":"publish","type":"page","link":"https:\/\/camp-plum.com\/sr\/o-nama\/","title":{"rendered":"O nama"},"content":{"rendered":"<p>[et_pb_section fb_built=&#8220;1&#8243; custom_padding_last_edited=&#8220;on|tablet&#8220; admin_label=&#8220;Header&#8220; _builder_version=&#8220;4.16&#8243; background_enable_image=&#8220;off&#8220; background_size=&#8220;contain&#8220; background_position=&#8220;top_right&#8220; custom_padding=&#8220;100px|||||&#8220; custom_padding_tablet=&#8220;60px||||false|false&#8220; custom_padding_phone=&#8220;&#8220; locked=&#8220;off&#8220; global_colors_info=&#8220;{}&#8220;][et_pb_row _builder_version=&#8220;4.16&#8243; _module_preset=&#8220;default&#8220; global_colors_info=&#8220;{}&#8220;][et_pb_column type=&#8220;4_4&#8243; _builder_version=&#8220;4.16&#8243; _module_preset=&#8220;default&#8220; global_colors_info=&#8220;{}&#8220;][et_pb_text _builder_version=&#8220;4.16&#8243; text_font_size=&#8220;24px&#8220; text_line_height=&#8220;2em&#8220; header_font=&#8220;PT Sans Narrow|700||on|||||&#8220; header_text_align=&#8220;left&#8220; header_text_color=&#8220;#5B2B7C&#8220; header_font_size=&#8220;3em&#8220; header_2_font=&#8220;PT Sans Narrow|||on|||||&#8220; header_2_text_align=&#8220;center&#8220; header_2_text_color=&#8220;#599040&#8243; header_2_font_size=&#8220;2em&#8220; header_2_line_height=&#8220;0.6em&#8220; text_orientation=&#8220;center&#8220; custom_margin_tablet=&#8220;|0px||0px|false|false&#8220; custom_margin_last_edited=&#8220;off|desktop&#8220; scroll_vertical_motion_enable=&#8220;off&#8220; scroll_vertical_motion=&#8220;0|65|65|100|4|0|-2.5&#8243; text_font_size_tablet=&#8220;18px&#8220; text_font_size_phone=&#8220;16px&#8220; text_font_size_last_edited=&#8220;on|phone&#8220; header_text_align_tablet=&#8220;center&#8220; header_text_align_phone=&#8220;&#8220; header_text_align_last_edited=&#8220;on|tablet&#8220; header_font_size_tablet=&#8220;48px&#8220; header_font_size_phone=&#8220;38px&#8220; header_font_size_last_edited=&#8220;off|desktop&#8220; header_2_text_align_tablet=&#8220;center&#8220; header_2_text_align_phone=&#8220;&#8220; header_2_text_align_last_edited=&#8220;on|tablet&#8220; sticky_position_tablet=&#8220;&#8220; sticky_position_phone=&#8220;&#8220; sticky_position_last_edited=&#8220;on|tablet&#8220; header_text_shadow_style=&#8220;preset5&#8243; header_text_shadow_horizontal_length=&#8220;0.04em&#8220; header_text_shadow_vertical_length=&#8220;0.04em&#8220; header_text_shadow_color=&#8220;#FFFFFF&#8220; locked=&#8220;off&#8220; global_colors_info=&#8220;{}&#8220;]<\/p>\n<h2>O nama<\/h2>\n<p>[\/et_pb_text][\/et_pb_column][\/et_pb_row][et_pb_row _builder_version=&#8220;4.16&#8243; _module_preset=&#8220;default&#8220; global_colors_info=&#8220;{}&#8220;][et_pb_column type=&#8220;4_4&#8243; _builder_version=&#8220;4.16&#8243; _module_preset=&#8220;default&#8220; global_colors_info=&#8220;{}&#8220;][et_pb_text _builder_version=&#8220;4.27.4&#8243; _module_preset=&#8220;default&#8220; text_font_size=&#8220;17px&#8220; header_2_font=&#8220;|||on|||||&#8220; header_2_text_color=&#8220;#5B2B7C&#8220; hover_enabled=&#8220;0&#8243; global_colors_info=&#8220;{}&#8220; sticky_enabled=&#8220;0&#8243;]<\/p>\n<h2><span style=\"color: #599040;\">Camp<\/span> Plum<\/h2>\n<p>Camp Plum je porodi\u010dni kamp koji se nalazi u centralnoj Srbiji. Nudimo usluge kampovanja na otvorenom, mesta za kampere i sme\u0161taj u bungalovima. Kamp se nalazi u mirnom prirodnom okru\u017eenju pored reke, na samo 2 km od obilaznice \u0106uprija na autoputu E75.<\/p>\n<p>U prirodnom okru\u017eenju pored reke Ravanice pru\u017ei\u0107emo Vam siguran i bezbedan odmor, sa dobro odr\u017eavanim parcelama sa priklju\u010dcima za vodu i struju, modernim zajedni\u010dkim odvojenim mu\u0161kim i \u017eenskim kupatilima i toaletima sa toplom i hladnom vodom.<\/p>\n<p>Camp poseduje centralnu ta\u010dku za odvod hemijskih toaleta i odvod za odvod otpadnih voda. Neograni\u010deni Wi-Fi, zajedni\u010dka prostorija sa potpuno opremljenom kuhinjom i prostorom za obedovanje, ro\u0161tilj na otvorenom, igrali\u0161te za decu, odvojeni prostor za \u0161atore i jo\u0161 mnogo toga&#8230;[\/et_pb_text][\/et_pb_column][\/et_pb_row][et_pb_row _builder_version=&#8220;4.16&#8243; _module_preset=&#8220;default&#8220; global_colors_info=&#8220;{}&#8220;][et_pb_column type=&#8220;4_4&#8243; _builder_version=&#8220;4.16&#8243; _module_preset=&#8220;default&#8220; global_colors_info=&#8220;{}&#8220;][et_pb_text _builder_version=&#8220;4.16&#8243; text_font_size=&#8220;24px&#8220; text_line_height=&#8220;2em&#8220; header_font=&#8220;PT Sans Narrow|700||on|||||&#8220; header_text_align=&#8220;left&#8220; header_text_color=&#8220;#5B2B7C&#8220; header_font_size=&#8220;3em&#8220; header_2_font=&#8220;PT Sans Narrow|||on|||||&#8220; header_2_text_align=&#8220;center&#8220; header_2_text_color=&#8220;#599040&#8243; header_2_font_size=&#8220;1.5em&#8220; header_2_line_height=&#8220;0.6em&#8220; text_orientation=&#8220;center&#8220; custom_margin_tablet=&#8220;|0px||0px|false|false&#8220; custom_margin_last_edited=&#8220;off|desktop&#8220; scroll_vertical_motion_enable=&#8220;off&#8220; scroll_vertical_motion=&#8220;0|65|65|100|4|0|-2.5&#8243; text_font_size_tablet=&#8220;18px&#8220; text_font_size_phone=&#8220;16px&#8220; text_font_size_last_edited=&#8220;on|phone&#8220; header_text_align_tablet=&#8220;center&#8220; header_text_align_phone=&#8220;&#8220; header_text_align_last_edited=&#8220;on|tablet&#8220; header_font_size_tablet=&#8220;48px&#8220; header_font_size_phone=&#8220;38px&#8220; header_font_size_last_edited=&#8220;off|desktop&#8220; header_2_text_align_tablet=&#8220;center&#8220; header_2_text_align_phone=&#8220;&#8220; header_2_text_align_last_edited=&#8220;on|tablet&#8220; sticky_position_tablet=&#8220;&#8220; sticky_position_phone=&#8220;&#8220; sticky_position_last_edited=&#8220;on|tablet&#8220; header_text_shadow_style=&#8220;preset5&#8243; header_text_shadow_horizontal_length=&#8220;0.04em&#8220; header_text_shadow_vertical_length=&#8220;0.04em&#8220; header_text_shadow_color=&#8220;#FFFFFF&#8220; locked=&#8220;off&#8220; global_colors_info=&#8220;{}&#8220;]<\/p>\n<h2>Galerija<\/h2>\n<p>[\/et_pb_text][dsm_masonry_gallery gallery_ids=&#8220;58700,58701,58702,58695,58684,58688,58685,58686,58687,58690,58691,58692,58693,58696,58694,58697,58698,58699,58703,58704,58705,58706,58708,58709,58710&#8243; use_lightbox=&#8220;on&#8220; _builder_version=&#8220;4.16&#8243; _module_preset=&#8220;default&#8220; global_colors_info=&#8220;{}&#8220;][\/dsm_masonry_gallery][\/et_pb_column][\/et_pb_row][et_pb_row _builder_version=&#8220;4.16&#8243; _module_preset=&#8220;default&#8220; global_colors_info=&#8220;{}&#8220;][et_pb_column type=&#8220;4_4&#8243; _builder_version=&#8220;4.16&#8243; _module_preset=&#8220;default&#8220; global_colors_info=&#8220;{}&#8220;][et_pb_text _builder_version=&#8220;4.16&#8243; text_font_size=&#8220;24px&#8220; text_line_height=&#8220;2em&#8220; header_font=&#8220;PT Sans Narrow|700||on|||||&#8220; header_text_align=&#8220;left&#8220; header_text_color=&#8220;#5B2B7C&#8220; header_font_size=&#8220;3em&#8220; header_2_font=&#8220;PT Sans Narrow|||on|||||&#8220; header_2_text_align=&#8220;center&#8220; header_2_text_color=&#8220;#599040&#8243; header_2_font_size=&#8220;1.5em&#8220; header_2_line_height=&#8220;0.6em&#8220; text_orientation=&#8220;center&#8220; custom_margin_tablet=&#8220;|0px||0px|false|false&#8220; custom_margin_last_edited=&#8220;off|desktop&#8220; scroll_vertical_motion_enable=&#8220;off&#8220; scroll_vertical_motion=&#8220;0|65|65|100|4|0|-2.5&#8243; text_font_size_tablet=&#8220;18px&#8220; text_font_size_phone=&#8220;16px&#8220; text_font_size_last_edited=&#8220;on|phone&#8220; header_text_align_tablet=&#8220;center&#8220; header_text_align_phone=&#8220;&#8220; header_text_align_last_edited=&#8220;on|tablet&#8220; header_font_size_tablet=&#8220;48px&#8220; header_font_size_phone=&#8220;38px&#8220; header_font_size_last_edited=&#8220;off|desktop&#8220; header_2_text_align_tablet=&#8220;center&#8220; header_2_text_align_phone=&#8220;&#8220; header_2_text_align_last_edited=&#8220;on|tablet&#8220; sticky_position_tablet=&#8220;&#8220; sticky_position_phone=&#8220;&#8220; sticky_position_last_edited=&#8220;on|tablet&#8220; header_text_shadow_style=&#8220;preset5&#8243; header_text_shadow_horizontal_length=&#8220;0.04em&#8220; header_text_shadow_vertical_length=&#8220;0.04em&#8220; header_text_shadow_color=&#8220;#FFFFFF&#8220; locked=&#8220;off&#8220; global_colors_info=&#8220;{}&#8220;]<\/p>\n<h2>Kupatilo<\/h2>\n<p>[\/et_pb_text][dsm_masonry_gallery gallery_ids=&#8220;59088,59097,59103,59076,59082,59100,59094,59091,59085,59079,59073&#8243; _builder_version=&#8220;4.16&#8243; _module_preset=&#8220;default&#8220; global_colors_info=&#8220;{}&#8220;][\/dsm_masonry_gallery][\/et_pb_column][\/et_pb_row][\/et_pb_section]<\/p>\n","protected":false},"excerpt":{"rendered":"<p>O namaCamp Plum Camp Plum je porodi\u010dni kamp koji se nalazi u centralnoj Srbiji. Nudimo usluge kampovanja na otvorenom, mesta za kampere i sme\u0161taj u bungalovima. Kamp se nalazi u mirnom prirodnom okru\u017eenju pored reke, na samo 2 km od obilaznice \u0106uprija na autoputu E75. U prirodnom okru\u017eenju pored reke Ravanice pru\u017ei\u0107emo Vam siguran i [&hellip;]<\/p>\n","protected":false},"author":1,"featured_media":0,"parent":0,"menu_order":0,"comment_status":"closed","ping_status":"closed","template":"","meta":{"_et_pb_use_builder":"on","_et_pb_old_content":"","_et_gb_content_width":"","footnotes":""},"class_list":["post-58660","page","type-page","status-publish","hentry"],"yoast_head":"<!-- This site is optimized with the Yoast SEO plugin v25.5 - https:\/\/yoast.com\/wordpress\/plugins\/seo\/ -->\n<title>O nama | Camp Plum<\/title>\n<meta name=\"robots\" content=\"index, follow, max-snippet:-1, max-image-preview:large, max-video-preview:-1\" \/>\n<link rel=\"canonical\" href=\"https:\/\/camp-plum.com\/sr\/o-nama\/\" \/>\n<meta property=\"og:locale\" content=\"sr_RS\" \/>\n<meta property=\"og:type\" content=\"article\" \/>\n<meta property=\"og:title\" content=\"O nama | Camp Plum\" \/>\n<meta property=\"og:description\" content=\"O namaCamp Plum Camp Plum je porodi\u010dni kamp koji se nalazi u centralnoj Srbiji. Nudimo usluge kampovanja na otvorenom, mesta za kampere i sme\u0161taj u bungalovima. Kamp se nalazi u mirnom prirodnom okru\u017eenju pored reke, na samo 2 km od obilaznice \u0106uprija na autoputu E75. U prirodnom okru\u017eenju pored reke Ravanice pru\u017ei\u0107emo Vam siguran i [&hellip;]\" \/>\n<meta property=\"og:url\" content=\"https:\/\/camp-plum.com\/sr\/o-nama\/\" \/>\n<meta property=\"og:site_name\" content=\"Camp Plum\" \/>\n<meta property=\"article:publisher\" content=\"https:\/\/www.facebook.com\/campplumcuprija\" \/>\n<meta property=\"article:modified_time\" content=\"2025-07-15T15:51:32+00:00\" \/>\n<meta name=\"twitter:card\" content=\"summary_large_image\" \/>\n<meta name=\"twitter:label1\" content=\"\u041f\u0440\u043e\u0446\u0435\u045a\u0435\u043d\u043e \u0432\u0440\u0435\u043c\u0435 \u0447\u0438\u0442\u0430\u045a\u0430\" \/>\n\t<meta name=\"twitter:data1\" content=\"5 \u043c\u0438\u043d\u0443\u0442\u0430\" \/>\n<script type=\"application\/ld+json\" class=\"yoast-schema-graph\">{\"@context\":\"https:\/\/schema.org\",\"@graph\":[{\"@type\":\"WebPage\",\"@id\":\"https:\/\/camp-plum.com\/sr\/o-nama\/\",\"url\":\"https:\/\/camp-plum.com\/sr\/o-nama\/\",\"name\":\"O nama | Camp Plum\",\"isPartOf\":{\"@id\":\"https:\/\/camp-plum.com\/#website\"},\"datePublished\":\"2021-06-11T11:09:28+00:00\",\"dateModified\":\"2025-07-15T15:51:32+00:00\",\"breadcrumb\":{\"@id\":\"https:\/\/camp-plum.com\/sr\/o-nama\/#breadcrumb\"},\"inLanguage\":\"sr-RS\",\"potentialAction\":[{\"@type\":\"ReadAction\",\"target\":[\"https:\/\/camp-plum.com\/sr\/o-nama\/\"]}]},{\"@type\":\"BreadcrumbList\",\"@id\":\"https:\/\/camp-plum.com\/sr\/o-nama\/#breadcrumb\",\"itemListElement\":[{\"@type\":\"ListItem\",\"position\":1,\"name\":\"Home\",\"item\":\"https:\/\/camp-plum.com\/\"},{\"@type\":\"ListItem\",\"position\":2,\"name\":\"O nama\"}]},{\"@type\":\"WebSite\",\"@id\":\"https:\/\/camp-plum.com\/#website\",\"url\":\"https:\/\/camp-plum.com\/\",\"name\":\"Camp Plum\",\"description\":\"Place for your rest\",\"publisher\":{\"@id\":\"https:\/\/camp-plum.com\/#organization\"},\"potentialAction\":[{\"@type\":\"SearchAction\",\"target\":{\"@type\":\"EntryPoint\",\"urlTemplate\":\"https:\/\/camp-plum.com\/?s={search_term_string}\"},\"query-input\":{\"@type\":\"PropertyValueSpecification\",\"valueRequired\":true,\"valueName\":\"search_term_string\"}}],\"inLanguage\":\"sr-RS\"},{\"@type\":\"Organization\",\"@id\":\"https:\/\/camp-plum.com\/#organization\",\"name\":\"Camp Plum\",\"url\":\"https:\/\/camp-plum.com\/\",\"logo\":{\"@type\":\"ImageObject\",\"inLanguage\":\"sr-RS\",\"@id\":\"https:\/\/camp-plum.com\/#\/schema\/logo\/image\/\",\"url\":\"http:\/\/localhost\/camp\/wp-content\/uploads\/2021\/02\/Camp-Plum-logo.png\",\"contentUrl\":\"http:\/\/localhost\/camp\/wp-content\/uploads\/2021\/02\/Camp-Plum-logo.png\",\"width\":645,\"height\":215,\"caption\":\"Camp Plum\"},\"image\":{\"@id\":\"https:\/\/camp-plum.com\/#\/schema\/logo\/image\/\"},\"sameAs\":[\"https:\/\/www.facebook.com\/campplumcuprija\",\"https:\/\/www.instagram.com\/camp_plum\/\"]}]}<\/script>\n<!-- \/ Yoast SEO plugin. -->","yoast_head_json":{"title":"O nama | Camp Plum","robots":{"index":"index","follow":"follow","max-snippet":"max-snippet:-1","max-image-preview":"max-image-preview:large","max-video-preview":"max-video-preview:-1"},"canonical":"https:\/\/camp-plum.com\/sr\/o-nama\/","og_locale":"sr_RS","og_type":"article","og_title":"O nama | Camp Plum","og_description":"O namaCamp Plum Camp Plum je porodi\u010dni kamp koji se nalazi u centralnoj Srbiji. Nudimo usluge kampovanja na otvorenom, mesta za kampere i sme\u0161taj u bungalovima. Kamp se nalazi u mirnom prirodnom okru\u017eenju pored reke, na samo 2 km od obilaznice \u0106uprija na autoputu E75. U prirodnom okru\u017eenju pored reke Ravanice pru\u017ei\u0107emo Vam siguran i [&hellip;]","og_url":"https:\/\/camp-plum.com\/sr\/o-nama\/","og_site_name":"Camp Plum","article_publisher":"https:\/\/www.facebook.com\/campplumcuprija","article_modified_time":"2025-07-15T15:51:32+00:00","twitter_card":"summary_large_image","twitter_misc":{"\u041f\u0440\u043e\u0446\u0435\u045a\u0435\u043d\u043e \u0432\u0440\u0435\u043c\u0435 \u0447\u0438\u0442\u0430\u045a\u0430":"5 \u043c\u0438\u043d\u0443\u0442\u0430"},"schema":{"@context":"https:\/\/schema.org","@graph":[{"@type":"WebPage","@id":"https:\/\/camp-plum.com\/sr\/o-nama\/","url":"https:\/\/camp-plum.com\/sr\/o-nama\/","name":"O nama | Camp Plum","isPartOf":{"@id":"https:\/\/camp-plum.com\/#website"},"datePublished":"2021-06-11T11:09:28+00:00","dateModified":"2025-07-15T15:51:32+00:00","breadcrumb":{"@id":"https:\/\/camp-plum.com\/sr\/o-nama\/#breadcrumb"},"inLanguage":"sr-RS","potentialAction":[{"@type":"ReadAction","target":["https:\/\/camp-plum.com\/sr\/o-nama\/"]}]},{"@type":"BreadcrumbList","@id":"https:\/\/camp-plum.com\/sr\/o-nama\/#breadcrumb","itemListElement":[{"@type":"ListItem","position":1,"name":"Home","item":"https:\/\/camp-plum.com\/"},{"@type":"ListItem","position":2,"name":"O nama"}]},{"@type":"WebSite","@id":"https:\/\/camp-plum.com\/#website","url":"https:\/\/camp-plum.com\/","name":"Camp Plum","description":"Place for your rest","publisher":{"@id":"https:\/\/camp-plum.com\/#organization"},"potentialAction":[{"@type":"SearchAction","target":{"@type":"EntryPoint","urlTemplate":"https:\/\/camp-plum.com\/?s={search_term_string}"},"query-input":{"@type":"PropertyValueSpecification","valueRequired":true,"valueName":"search_term_string"}}],"inLanguage":"sr-RS"},{"@type":"Organization","@id":"https:\/\/camp-plum.com\/#organization","name":"Camp Plum","url":"https:\/\/camp-plum.com\/","logo":{"@type":"ImageObject","inLanguage":"sr-RS","@id":"https:\/\/camp-plum.com\/#\/schema\/logo\/image\/","url":"http:\/\/localhost\/camp\/wp-content\/uploads\/2021\/02\/Camp-Plum-logo.png","contentUrl":"http:\/\/localhost\/camp\/wp-content\/uploads\/2021\/02\/Camp-Plum-logo.png","width":645,"height":215,"caption":"Camp Plum"},"image":{"@id":"https:\/\/camp-plum.com\/#\/schema\/logo\/image\/"},"sameAs":["https:\/\/www.facebook.com\/campplumcuprija","https:\/\/www.instagram.com\/camp_plum\/"]}]}},"_links":{"self":[{"href":"https:\/\/camp-plum.com\/sr\/wp-json\/wp\/v2\/pages\/58660","targetHints":{"allow":["GET"]}}],"collection":[{"href":"https:\/\/camp-plum.com\/sr\/wp-json\/wp\/v2\/pages"}],"about":[{"href":"https:\/\/camp-plum.com\/sr\/wp-json\/wp\/v2\/types\/page"}],"author":[{"embeddable":true,"href":"https:\/\/camp-plum.com\/sr\/wp-json\/wp\/v2\/users\/1"}],"replies":[{"embeddable":true,"href":"https:\/\/camp-plum.com\/sr\/wp-json\/wp\/v2\/comments?post=58660"}],"version-history":[{"count":12,"href":"https:\/\/camp-plum.com\/sr\/wp-json\/wp\/v2\/pages\/58660\/revisions"}],"predecessor-version":[{"id":59348,"href":"https:\/\/camp-plum.com\/sr\/wp-json\/wp\/v2\/pages\/58660\/revisions\/59348"}],"wp:attachment":[{"href":"https:\/\/camp-plum.com\/sr\/wp-json\/wp\/v2\/media?parent=58660"}],"curies":[{"name":"wp","href":"https:\/\/api.w.org\/{rel}","templated":true}]}}